{"id":860,"date":"2019-01-09T21:52:40","date_gmt":"2019-01-09T21:52:40","guid":{"rendered":"http:\/\/halley.uis.edu.co\/clases\/lnunez\/?page_id=860"},"modified":"2019-01-09T21:52:40","modified_gmt":"2019-01-09T21:52:40","slug":"modulo-1-fisica-de-la-radioterapia-40-horas","status":"publish","type":"page","link":"https:\/\/halley.uis.edu.co\/clases\/lnunez\/?page_id=860","title":{"rendered":"M\u00f3dulo 1 F\u00edsica de la Radioterapia (40 horas)"},"content":{"rendered":"<div class=\"page\" title=\"Page 4\">\n<div class=\"section\">\n<div class=\"layoutArea\">\n<div class=\"column\">\n<h2>Unidad 1: Interacci\u00f3n de la radiaci\u00f3n con la materia<\/h2>\n<p>Interacciones de part\u00edculas neutras y part\u00edculas cargadas con la materia. Radiactividad. Magnitudes y unidades de uso general en radioterapia, medicina nuclear y radiodian\u00f3stico. Dosimetr\u00eda.\u00a0Laboratorio virtual 1: Energ\u00eda depositada<\/p>\n<h2>Unidad 2: Radioterapia y Medicina Nuclear<\/h2>\n<p>Introducci\u00f3n general. Radioterapia. Radioterapia con fotones, electrones, hadrones y neutrones. Equipos de irradiaci\u00f3n. Unidades de Cobalto-60. Aceleradores lineales. Reactores. Dosis absorbida. T\u00e9cnicas especiales: conformaci\u00f3n 3D, intensidad modulada, tomoterapia. Sistemas de planificaci\u00f3n.\u00a0Laboratorio virtual 2: Protones en agua, una simulaci\u00f3n simple.<\/p>\n<h2>Unidad 3: T\u00e9cnicas de diagn\u00f3stico por im\u00e1genes y medicina nuclear<\/h2>\n<p>Fundamentos de la medicina nuclear. Radiois\u00f3topos. Braquiterapia. Detectores. Tomograf\u00eda computarizada (CT). C\u00e1maras Gamma. Tomograf\u00eda por emisi\u00f3n de fotones (SPECT). Tomograf\u00eda por emisi\u00f3n de positrones (PET). Resonancia Magn\u00e9tica Nuclear (NMR). T\u00e9cnicas combinadas.\u00a0Laboratorio virtual unidad 3: Dign\u00f3stico por im\u00e1genes<\/p>\n<h2>Bibliograf\u00eda:<\/h2>\n<\/div>\n<\/div>\n<\/div>\n<\/div>\n<div class=\"page\" title=\"Page 5\">\n<div class=\"section\">\n<div class=\"layoutArea\">\n<div class=\"column\">\n<ul>\n<li>Attix, F. H., Introduction to Radiological Physics and Radiation Dosimetry. Weinheim: Wiley- VCH Verlag GmbH &amp; Co. (2004)<\/li>\n<li>Brosed, A. (Editor), Fundamentos de F\u00edsica M\u00e9dica. Madrid: Sociedad Espa\u00f1ola de F\u00edsica M\u00e9dica y Adi Servicios Editoriales (2011-2018)<\/li>\n<li>Knoll, G. F., Radiation Detection and Measurement. 4th Edition. New Jersey: John Wiley &amp; Sons, Inc. (2010)<\/li>\n<li>Joiner, M. C. &amp; van Der Kogel, A., Basic Clinical Radiobiology. London: Hodder Arnold. (2009)<\/li>\n<\/ul>\n<\/div>\n<\/div>\n<\/div>\n<\/div>\n","protected":false},"excerpt":{"rendered":"<p>Unidad 1: Interacci\u00f3n de la radiaci\u00f3n con la materia Interacciones de part\u00edculas neutras y part\u00edculas cargadas con la materia. Radiactividad. Magnitudes y unidades de uso general en radioterapia, medicina nuclear y radiodian\u00f3stico. Dosimetr\u00eda.\u00a0Laboratorio virtual 1: Energ\u00eda depositada Unidad 2: Radioterapia &hellip; <a href=\"https:\/\/halley.uis.edu.co\/clases\/lnunez\/?page_id=860\">Sigue leyendo <span class=\"meta-nav\">&rarr;<\/span><\/a><\/p>\n","protected":false},"author":1,"featured_media":0,"parent":0,"menu_order":0,"comment_status":"closed","ping_status":"closed","template":"","meta":{"_exactmetrics_skip_tracking":false,"_exactmetrics_sitenote_active":false,"_exactmetrics_sitenote_note":"","_exactmetrics_sitenote_category":0,"footnotes":""},"class_list":["post-860","page","type-page","status-publish","hentry"],"_links":{"self":[{"href":"https:\/\/halley.uis.edu.co\/clases\/lnunez\/index.php?rest_route=\/wp\/v2\/pages\/860","targetHints":{"allow":["GET"]}}],"collection":[{"href":"https:\/\/halley.uis.edu.co\/clases\/lnunez\/index.php?rest_route=\/wp\/v2\/pages"}],"about":[{"href":"https:\/\/halley.uis.edu.co\/clases\/lnunez\/index.php?rest_route=\/wp\/v2\/types\/page"}],"author":[{"embeddable":true,"href":"https:\/\/halley.uis.edu.co\/clases\/lnunez\/index.php?rest_route=\/wp\/v2\/users\/1"}],"replies":[{"embeddable":true,"href":"https:\/\/halley.uis.edu.co\/clases\/lnunez\/index.php?rest_route=%2Fwp%2Fv2%2Fcomments&post=860"}],"version-history":[{"count":2,"href":"https:\/\/halley.uis.edu.co\/clases\/lnunez\/index.php?rest_route=\/wp\/v2\/pages\/860\/revisions"}],"predecessor-version":[{"id":862,"href":"https:\/\/halley.uis.edu.co\/clases\/lnunez\/index.php?rest_route=\/wp\/v2\/pages\/860\/revisions\/862"}],"wp:attachment":[{"href":"https:\/\/halley.uis.edu.co\/clases\/lnunez\/index.php?rest_route=%2Fwp%2Fv2%2Fmedia&parent=860"}],"curies":[{"name":"wp","href":"https:\/\/api.w.org\/{rel}","templated":true}]}}