{"id":82,"date":"2014-02-25T10:01:16","date_gmt":"2014-02-25T10:01:16","guid":{"rendered":"http:\/\/halley.uis.edu.co\/clases\/lnunez\/?page_id=82"},"modified":"2015-03-05T10:34:57","modified_gmt":"2015-03-05T10:34:57","slug":"matematicas-avanzadas","status":"publish","type":"page","link":"https:\/\/halley.uis.edu.co\/clases\/lnunez\/?page_id=82","title":{"rendered":"Matem\u00e1ticas Avanzadas 2014A"},"content":{"rendered":"<ol>\n<li><strong>Objetivos del Curso<\/strong>\n<ol>\n<li>Ampliar\u00a0 el conocimiento del lenguaje matem\u00e1tico y f\u00edsico\u00a0 para la construcci\u00f3n de\u00a0 modelos matem\u00e1ticos<\/li>\n<li>Elaborar\u00a0 modelos\u00a0trav\u00e9s de Ecuaciones Diferenciales, Ecuaciones en Derivadas Parciales (PDE), Ecuaciones en Diferencias,\u00a0 con el objetivo de\u00a0 comprender y explicar los procesos y fen\u00f3menos \u201cf\u00edsicos\u201d.<\/li>\n<li>Estudiar las implicaciones de estos modelos a trav\u00e9s de m\u00e9todos anal\u00edticos, num\u00e9ricos y cualitativos<\/li>\n<\/ol>\n<\/li>\n<li><strong>Evaluaci\u00f3n<\/strong>\n<ol>\n<li>Dos ex\u00e1menes 40\n<li>10 tareas 60\n<\/ol>\n<\/li>\n<\/ol>\n<p><strong>Cronograma del Curso<\/strong><\/p>\n<ol>\n<li>Semana 1:\n<ol>\n<li>Un M\u00ednimo de Espacios de Hilbert\n<ol>\n<li><a href=\"http:\/\/halley.uis.edu.co\/clases\/lnunez\/wp-content\/uploads\/2014\/02\/Capt2LibroMetMatPart1V01LN.pdf\">Espacios vectoriales o espacios lineales<\/a>\u00a0(2.1.2, 2.1.3, 2.2, 2.3, 2.4, 2.5 )<\/li>\n<li><a href=\"http:\/\/halley.uis.edu.co\/clases\/lnunez\/wp-content\/uploads\/2014\/02\/Capt3LibroMetMatPart1V01LN.pdf\">Formas diferenciales y Espacios vectoriales duales<\/a> (3.1)<\/li>\n<\/ol>\n<\/li>\n<li><a title=\"Tarea 1 Espacios Lineales\" href=\"http:\/\/halley.uis.edu.co\/clases\/lnunez\/wp-content\/uploads\/2014\/02\/1402TareaEspLineales.pdf\">Tarea 1 (Entrega 4Marzo)<\/a><\/li>\n<li>Lecturas<br \/>\n<a href=\"http:\/\/www.ijcte.org\/papers\/213-H282.pdf\">Agarwal, Mayank, Nikunj Jain, Mr Manish Kumar, and Himanshu Agrawal. 2010. \u201c<strong>Face Recognition Using Eigen Faces and Artificial Neural Network<\/strong>.\u201d <em>International Journal of Computer Theory and Engineering<\/em> <strong>2<\/strong> (4): 1793\u20138201.<\/a><\/li>\n<li>C\u00f3digos\n<ol>\n<li>Bases Funcionales <a href=\"http:\/\/halley.uis.edu.co\/clases\/lnunez\/wp-content\/uploads\/2014\/02\/BasesFuncionales.pdf\">pdf<\/a>\u00a0<a href=\"http:\/\/halley.uis.edu.co\/clases\/lnunez\/wp-content\/uploads\/2014\/02\/BasesFuncionales.zip\">zip<\/a><\/li>\n<\/ol>\n<\/li>\n<li>Bibliograf\u00eda<\/li>\n<\/ol>\n<\/li>\n<li>Semana 2:\n<ol>\n<li><span style=\"color: #000000;\"><a href=\"http:\/\/halley.uis.edu.co\/clases\/lnunez\/wp-content\/uploads\/2014\/02\/Capt4LibroMetMatPart1V02LN.pdf\"><span style=\"color: #000000;\">Operadores Lineales<\/span><\/a>\u00a0(4.1, 4.2)<\/span><\/li>\n<li><span style=\"color: #000000;\"><a href=\"http:\/\/halley.uis.edu.co\/clases\/lnunez\/wp-content\/uploads\/2014\/03\/140311TareaEspLineales.pdf\"><span style=\"color: #000000;\">Tarea 2 (Entrega 11marzo)<\/span><\/a><\/span><\/li>\n<\/ol>\n<\/li>\n<li><span style=\"color: #000000;\">Semana 3<\/span>\n<ol>\n<li>Autovalores y Autovectores<\/li>\n<li><a href=\"http:\/\/halley.uis.edu.co\/clases\/lnunez\/wp-content\/uploads\/2014\/03\/140325TareaOperLineales.pdf\">Tarea 3 Entrega (25 Marzo)<\/a><\/li>\n<li>C\u00f3digos: Matrices de Pauli <a href=\"http:\/\/halley.uis.edu.co\/clases\/lnunez\/wp-content\/uploads\/2014\/03\/PauliMatrices.pdf\">pdf<\/a> <a href=\"http:\/\/halley.uis.edu.co\/clases\/lnunez\/wp-content\/uploads\/2014\/03\/PauliMatrices.zip\">gzip<\/a><\/li>\n<\/ol>\n<\/li>\n<li><span style=\"color: #000000;\">Semana 4Semana 5 Discusi\u00f3n de Operadores Lineales<\/span>\n<ol>\n<li><a href=\"http:\/\/halley.uis.edu.co\/clases\/lnunez\/wp-content\/uploads\/2014\/03\/Capt7LibroMetMatPart1LNX.pdf\">Series\u00a0de Series<\/a>\n<ol>\n<li>Series de n\u00fameros y potencias<\/li>\n<li>Series y Espacios de Hilbert<\/li>\n<\/ol>\n<\/li>\n<li>Tarea 4<\/li>\n<li>Lectura:\u00a0Gomes, Jonas, and Luiz Velho. 1995. \u201c<a href=\"http:\/\/halley.uis.edu.co\/clases\/lnunez\/wp-content\/uploads\/2014\/04\/Gomes1995.tiff\">Abstraction Paradigms for Computer Graphics<\/a><a href=\"https:\/\/www.evernote.com\/shard\/s196\/sh\/6ca1823b-2a2f-4422-a1ae-9819684c0caa\/5f3ac70c7fb9ad890f937f4456f2a8c0\">.<\/a>\u201d The Visual Computer 11 (5). Springer: 227\u201339.<\/li>\n<\/ol>\n<\/li>\n<li><\/li>\n<li><span style=\"color: #000000;\">Semana 5<\/span>\n<ol>\n<li><a href=\"http:\/\/halley.uis.edu.co\/clases\/lnunez\/?page_id=151 \">Evaluaci\u00f3n<\/a><\/li>\n<li>Un m\u00ednimo de Series de Fourier\n<ol>\n<li>Entender 7.5.1, 7.5.2, 7.5.3<\/li>\n<li>Leer 7.5.4, 7.5.5<\/li>\n<\/ol>\n<\/li>\n<li><a href=\"http:\/\/halley.uis.edu.co\/clases\/lnunez\/wp-content\/uploads\/2014\/05\/Capt8LibroMetMatPart1LN.pdf\">Ecuaciones diferenciales ordinarias<\/a>\u00a0(actualizado al 27Mayo)\n<ol>\n<li>Entender: 8.2.2, 8.2.3, 8.3.1. 8.3.2<\/li>\n<li>Leer: 8.1, 8.2.1<\/li>\n<\/ol>\n<\/li>\n<li><span style=\"color: #000000;\"><a href=\"http:\/\/halley.uis.edu.co\/clases\/lnunez\/wp-content\/uploads\/2014\/04\/140402Tareafourier.pdf\"><span style=\"color: #000000;\">Tarea 4<span style=\"color: #ff0000;\"><span style=\"color: #000000;\">\u00a0(22Abr)<\/span><\/span><\/span><\/a>,<\/span> <a href=\"http:\/\/halley.uis.edu.co\/clases\/lnunez\/wp-content\/uploads\/2014\/04\/140410TareaEDOrd1Ord.pdf\">Tarea 5<\/a><span style=\"color: #000000;\">\u00a0<a href=\"http:\/\/halley.uis.edu.co\/clases\/lnunez\/wp-content\/uploads\/2014\/04\/140402Tareafourier.pdf\"><span style=\"color: #000000;\">(22Abr)<\/span><\/a><\/span><\/li>\n<\/ol>\n<\/li>\n<li><span style=\"color: #000000;\">Semana 6<\/span>\n<ol>\n<li>Soluci\u00f3n de ecuaciones diferenciales num\u00e9ricas y simulaciones\n<ol>\n<li>Entender:\u00a08.4.1,\u00a08.4.2,\u00a08.5<\/li>\n<li>Leer:\u00a0\u00a08.4.3<\/li>\n<\/ol>\n<\/li>\n<li>Ecuaciones diferenciales ordinarias de Orden superior\n<ol>\n<li>Entender:\u00a08.6,\u00a08.7, \u00a08.8 y 8.9<\/li>\n<li>Leer:\u00a0\u00a08.10<\/li>\n<\/ol>\n<\/li>\n<li><a href=\"http:\/\/halley.uis.edu.co\/clases\/lnunez\/wp-content\/uploads\/2014\/05\/140429Tarea6EDO2Ord.pdf\">Tarea 6<\/a> <span style=\"color: #000000;\">(30Abril)<\/span><\/li>\n<\/ol>\n<\/li>\n<li><span style=\"color: #000000;\">Semana 7<\/span>\n<ol>\n<li>Soluci\u00f3n por series de Ecuaciones Diferenciales\n<ol>\n<li>Entender 8.12, 8.13, 8.14<\/li>\n<li>Leer 8.15<\/li>\n<\/ol>\n<\/li>\n<li>M\u00e9todo de Frobenious\n<ol>\n<li>Entender. 8.16, 8.17, 8.18<\/li>\n<li>Leer: 8.19<\/li>\n<\/ol>\n<\/li>\n<li><a href=\"http:\/\/halley.uis.edu.co\/clases\/lnunez\/wp-content\/uploads\/2014\/05\/140507Tarea7EDO2OrdSeries.pdf\">Tarea 7<\/a> (7Mayo)<\/li>\n<\/ol>\n<\/li>\n<li><span style=\"color: #000000;\">Semana 8<\/span>\n<ol>\n<li><span style=\"color: #000000;\">Ecuaciones Diferenciales autoadjuntas<\/span>\n<ol>\n<li><span style=\"color: #000000;\">Entender: 8.22.1, 8.22.2<\/span><\/li>\n<li><span style=\"color: #000000;\">Leer: 8.21<\/span><\/li>\n<\/ol>\n<\/li>\n<li><span style=\"color: #000000;\"><a href=\"http:\/\/halley.uis.edu.co\/clases\/lnunez\/wp-content\/uploads\/2014\/05\/140514Tarea8EDOAutoAd.pdf\"><span style=\"color: #000000;\">Tarea<\/span><\/a><\/span><a href=\"http:\/\/halley.uis.edu.co\/clases\/lnunez\/wp-content\/uploads\/2014\/05\/140514Tarea8EDOAutoAd.pdf\"> 8<\/a> <span style=\"color: #ff0000;\">(<span style=\"color: #000000;\">14Mayo<\/span>)<\/span><\/li>\n<\/ol>\n<\/li>\n<li>Semana 9\n<ol>\n<li>Condiciones de Frontera\n<ol>\n<li>Entender: 8.22.3, 8.22.4<\/li>\n<\/ol>\n<\/li>\n<li><a href=\"http:\/\/halley.uis.edu.co\/clases\/lnunez\/wp-content\/uploads\/2014\/05\/140521Tarea9EDOCondBorde.pdf\">Tarea 9<\/a> (<span style=\"color: #ff0000;\">21Mayo<\/span>)<\/li>\n<\/ol>\n<\/li>\n<li>Semana 12\n<ol>\n<li>Funciones de Green\n<ol>\n<li>Entender 8.22.5<\/li>\n<\/ol>\n<\/li>\n<li>Tarea (No hubo)<\/li>\n<\/ol>\n<\/li>\n<li>Semana 10\n<ol>\n<li>Ecuaciones Diferenciales en Derivadas Parciales\n<ol>\n<li>Siete ejemplos y un destino <a href=\"http:\/\/halley.uis.edu.co\/clases\/lnunez\/wp-content\/uploads\/2014\/05\/EcDiferencialesParciales.zip\">zip<\/a> <a href=\"http:\/\/halley.uis.edu.co\/clases\/lnunez\/wp-content\/uploads\/2014\/05\/EcDiferencialesParciales.pdf\">pdf<\/a><\/li>\n<li>Entender \u00a0Capt 12 Fourier Solutions of Partial Differential Equations de\u00a0<a href=\"http:\/\/ramanujan.math.trinity.edu\/wtrench\/texts\/TRENCH_FREE_DIFFEQ_II.PDF\">ELEMENTARY DIFFERENTIAL EQUATIONS WITH BOUNDARY VALUE PROBLEMS, \u00a0William F. Trench (2013)<\/a><\/li>\n<li><\/li>\n<\/ol>\n<\/li>\n<\/ol>\n<\/li>\n<\/ol>\n<p><span style=\"color: #444444; font-family: Georgia, 'Bitstream Charter', serif; font-size: medium;\"><span style=\"line-height: 24px;\">\u00a0<\/span><\/span><\/p>\n","protected":false},"excerpt":{"rendered":"<p>Objetivos del Curso Ampliar\u00a0 el conocimiento del lenguaje matem\u00e1tico y f\u00edsico\u00a0 para la construcci\u00f3n de\u00a0 modelos matem\u00e1ticos Elaborar\u00a0 modelos\u00a0trav\u00e9s de Ecuaciones Diferenciales, Ecuaciones en Derivadas Parciales (PDE), Ecuaciones en Diferencias,\u00a0 con el objetivo de\u00a0 comprender y explicar los procesos y &hellip; <a href=\"https:\/\/halley.uis.edu.co\/clases\/lnunez\/?page_id=82\">Sigue leyendo <span class=\"meta-nav\">&rarr;<\/span><\/a><\/p>\n","protected":false},"author":1,"featured_media":0,"parent":429,"menu_order":0,"comment_status":"open","ping_status":"closed","template":"","meta":{"_exactmetrics_skip_tracking":false,"_exactmetrics_sitenote_active":false,"_exactmetrics_sitenote_note":"","_exactmetrics_sitenote_category":0,"footnotes":""},"class_list":["post-82","page","type-page","status-publish","hentry"],"_links":{"self":[{"href":"https:\/\/halley.uis.edu.co\/clases\/lnunez\/index.php?rest_route=\/wp\/v2\/pages\/82","targetHints":{"allow":["GET"]}}],"collection":[{"href":"https:\/\/halley.uis.edu.co\/clases\/lnunez\/index.php?rest_route=\/wp\/v2\/pages"}],"about":[{"href":"https:\/\/halley.uis.edu.co\/clases\/lnunez\/index.php?rest_route=\/wp\/v2\/types\/page"}],"author":[{"embeddable":true,"href":"https:\/\/halley.uis.edu.co\/clases\/lnunez\/index.php?rest_route=\/wp\/v2\/users\/1"}],"replies":[{"embeddable":true,"href":"https:\/\/halley.uis.edu.co\/clases\/lnunez\/index.php?rest_route=%2Fwp%2Fv2%2Fcomments&post=82"}],"version-history":[{"count":71,"href":"https:\/\/halley.uis.edu.co\/clases\/lnunez\/index.php?rest_route=\/wp\/v2\/pages\/82\/revisions"}],"predecessor-version":[{"id":191,"href":"https:\/\/halley.uis.edu.co\/clases\/lnunez\/index.php?rest_route=\/wp\/v2\/pages\/82\/revisions\/191"}],"up":[{"embeddable":true,"href":"https:\/\/halley.uis.edu.co\/clases\/lnunez\/index.php?rest_route=\/wp\/v2\/pages\/429"}],"wp:attachment":[{"href":"https:\/\/halley.uis.edu.co\/clases\/lnunez\/index.php?rest_route=%2Fwp%2Fv2%2Fmedia&parent=82"}],"curies":[{"name":"wp","href":"https:\/\/api.w.org\/{rel}","templated":true}]}}