{"id":767,"date":"2016-09-25T19:56:07","date_gmt":"2016-09-25T19:56:07","guid":{"rendered":"http:\/\/halley.uis.edu.co\/clases\/lnunez\/?page_id=767"},"modified":"2016-09-26T02:02:07","modified_gmt":"2016-09-26T02:02:07","slug":"7070-gravitation-fest","status":"publish","type":"page","link":"https:\/\/halley.uis.edu.co\/clases\/lnunez\/?page_id=767","title":{"rendered":"70&#038;70 Gravitation Fest"},"content":{"rendered":"<p>Hay fechas transcendentales en la vida para contabilizar y hacer un balance\u00a0logros y\u00a0desatinos.\u00a0Sin duda la edad de\u00a070 a\u00f1os trae\u00a0consigo esa posiblidad de mirar hacia atr\u00e1s y contar historias.\u00a0Este a\u00f1o 2016 es, para muchos f\u00edsicos latinoamericanos, un a\u00f1o importante\u00a0porque Rodolfo Gambini Italiano de la Universidad de Uruguay\u00a0y Luis (Gaucho) Herrera Cometta de la Universidad Central de Venezuela\u00a0alcanzan los 70 a\u00f1os disfrutando\u00a0la pasi\u00f3n por crear\u00a0Escuelas de F\u00edsicos\u00a0en Am\u00e9rica Latina. Ambos,\u00a0dejando una profunda e importante huella en la F\u00edsica Te\u00f3rica en varios pa\u00edses de nuestro continente.<\/p>\n<div style=\"width: 640px;\" class=\"wp-video\"><!--[if lt IE 9]><script>document.createElement('video');<\/script><![endif]-->\n<video class=\"wp-video-shortcode\" id=\"video-767-1\" width=\"640\" height=\"368\" preload=\"metadata\" controls=\"controls\"><source type=\"video\/mp4\" src=\"http:\/\/halley.uis.edu.co\/clases\/lnunez\/wp-content\/uploads\/2016\/09\/Aulestia.mp4?_=1\" \/><a href=\"http:\/\/halley.uis.edu.co\/clases\/lnunez\/wp-content\/uploads\/2016\/09\/Aulestia.mp4\">http:\/\/halley.uis.edu.co\/clases\/lnunez\/wp-content\/uploads\/2016\/09\/Aulestia.mp4<\/a><\/video><\/div>\n<p><strong>Luis M. Aulestia<\/strong> Gerente General Reto Corporativo Venezuela\/Panam\u00e1<\/p>\n<p><iframe loading=\"lazy\" title=\"Franco Nori\" width=\"640\" height=\"480\" src=\"https:\/\/www.youtube.com\/embed\/6IqPBHua4ps?feature=oembed\" frameborder=\"0\" allow=\"accelerometer; autoplay; clipboard-write; encrypted-media; gyroscope; picture-in-picture; web-share\" referrerpolicy=\"strict-origin-when-cross-origin\" allowfullscreen><\/iframe><\/p>\n<p><strong>Franco Nori<\/strong> Team Leader, Interdisciplinary Condensed Matter Physics Team, iTHES, RIKEN.\u00a0<span class=\"s1\">2-1 Hirosawa, Wako-Shi, \u00a0<\/span><span class=\"s1\">Saitama, 351-0198, Japan<\/span><\/p>\n<p><iframe loading=\"lazy\" title=\"Felicitaciones a Rodolfo Gambini\" width=\"640\" height=\"360\" src=\"https:\/\/www.youtube.com\/embed\/hvPnYRlKeug?feature=oembed\" frameborder=\"0\" allow=\"accelerometer; autoplay; clipboard-write; encrypted-media; gyroscope; picture-in-picture; web-share\" referrerpolicy=\"strict-origin-when-cross-origin\" allowfullscreen><\/iframe><\/p>\n<p>&nbsp;<br \/>\n<iframe loading=\"lazy\" title=\"HumbertoLaRoche\" width=\"640\" height=\"360\" src=\"https:\/\/www.youtube.com\/embed\/qHNswyVfxNk?feature=oembed\" frameborder=\"0\" allow=\"accelerometer; autoplay; clipboard-write; encrypted-media; gyroscope; picture-in-picture; web-share\" referrerpolicy=\"strict-origin-when-cross-origin\" allowfullscreen><\/iframe><br \/>\n&nbsp;<\/p>\n<p>&nbsp;<br \/>\n<iframe loading=\"lazy\" title=\"RGmovie\" width=\"640\" height=\"360\" src=\"https:\/\/www.youtube.com\/embed\/wDZEFURMx2g?feature=oembed\" frameborder=\"0\" allow=\"accelerometer; autoplay; clipboard-write; encrypted-media; gyroscope; picture-in-picture; web-share\" referrerpolicy=\"strict-origin-when-cross-origin\" allowfullscreen><\/iframe><br \/>\n&nbsp;<\/p>\n<p>&nbsp;<br \/>\n<iframe loading=\"lazy\" title=\"anectoda Gambini\" width=\"640\" height=\"360\" src=\"https:\/\/www.youtube.com\/embed\/KhC9RraNhbw?feature=oembed\" frameborder=\"0\" allow=\"accelerometer; autoplay; clipboard-write; encrypted-media; gyroscope; picture-in-picture; web-share\" referrerpolicy=\"strict-origin-when-cross-origin\" allowfullscreen><\/iframe><br \/>\n&nbsp;<\/p>\n<p><a href=\"http:\/\/halley.uis.edu.co\/clases\/lnunez\/wp-content\/uploads\/2016\/09\/AlejandroGuzman.png\" rel=\"attachment wp-att-786\"><img loading=\"lazy\" decoding=\"async\" class=\"aligncenter wp-image-786\" src=\"http:\/\/halley.uis.edu.co\/clases\/lnunez\/wp-content\/uploads\/2016\/09\/AlejandroGuzman-300x225.png\" alt=\"AlejandroGuzman\" width=\"647\" height=\"485\" srcset=\"https:\/\/halley.uis.edu.co\/clases\/lnunez\/wp-content\/uploads\/2016\/09\/AlejandroGuzman-300x225.png 300w, https:\/\/halley.uis.edu.co\/clases\/lnunez\/wp-content\/uploads\/2016\/09\/AlejandroGuzman-768x576.png 768w, https:\/\/halley.uis.edu.co\/clases\/lnunez\/wp-content\/uploads\/2016\/09\/AlejandroGuzman-1024x768.png 1024w\" sizes=\"auto, (max-width: 647px) 100vw, 647px\" \/><\/a><\/p>\n<p>&nbsp;<\/p>\n<p><a href=\"http:\/\/halley.uis.edu.co\/clases\/lnunez\/wp-content\/uploads\/2016\/09\/MichaSzinetar.png\" rel=\"attachment wp-att-787\"><img loading=\"lazy\" decoding=\"async\" class=\"aligncenter wp-image-787\" src=\"http:\/\/halley.uis.edu.co\/clases\/lnunez\/wp-content\/uploads\/2016\/09\/MichaSzinetar-300x225.png\" alt=\"MichaSzinetar\" width=\"653\" height=\"490\" srcset=\"https:\/\/halley.uis.edu.co\/clases\/lnunez\/wp-content\/uploads\/2016\/09\/MichaSzinetar-300x225.png 300w, https:\/\/halley.uis.edu.co\/clases\/lnunez\/wp-content\/uploads\/2016\/09\/MichaSzinetar-768x576.png 768w, https:\/\/halley.uis.edu.co\/clases\/lnunez\/wp-content\/uploads\/2016\/09\/MichaSzinetar-1024x768.png 1024w\" sizes=\"auto, (max-width: 653px) 100vw, 653px\" \/><\/a><\/p>\n<p>&nbsp;<\/p>\n<p><a href=\"http:\/\/halley.uis.edu.co\/clases\/lnunez\/wp-content\/uploads\/2016\/09\/FelipeGonzalez.png\" rel=\"attachment wp-att-781\"><img loading=\"lazy\" decoding=\"async\" class=\"aligncenter wp-image-781\" src=\"http:\/\/halley.uis.edu.co\/clases\/lnunez\/wp-content\/uploads\/2016\/09\/FelipeGonzalez-300x225.png\" alt=\"FelipeGonzalez\" width=\"670\" height=\"503\" srcset=\"https:\/\/halley.uis.edu.co\/clases\/lnunez\/wp-content\/uploads\/2016\/09\/FelipeGonzalez-300x225.png 300w, https:\/\/halley.uis.edu.co\/clases\/lnunez\/wp-content\/uploads\/2016\/09\/FelipeGonzalez-768x576.png 768w, https:\/\/halley.uis.edu.co\/clases\/lnunez\/wp-content\/uploads\/2016\/09\/FelipeGonzalez-1024x768.png 1024w\" sizes=\"auto, (max-width: 670px) 100vw, 670px\" \/><\/a><\/p>\n<p><a href=\"http:\/\/halley.uis.edu.co\/clases\/lnunez\/wp-content\/uploads\/2016\/09\/CarmenCodoner.png\" rel=\"attachment wp-att-790\"><img loading=\"lazy\" decoding=\"async\" class=\"aligncenter wp-image-790\" src=\"http:\/\/halley.uis.edu.co\/clases\/lnunez\/wp-content\/uploads\/2016\/09\/CarmenCodoner-300x225.png\" alt=\"CarmenCodoner\" width=\"658\" height=\"493\" srcset=\"https:\/\/halley.uis.edu.co\/clases\/lnunez\/wp-content\/uploads\/2016\/09\/CarmenCodoner-300x225.png 300w, https:\/\/halley.uis.edu.co\/clases\/lnunez\/wp-content\/uploads\/2016\/09\/CarmenCodoner-768x576.png 768w, https:\/\/halley.uis.edu.co\/clases\/lnunez\/wp-content\/uploads\/2016\/09\/CarmenCodoner-1024x768.png 1024w\" sizes=\"auto, (max-width: 658px) 100vw, 658px\" \/><\/a><\/p>\n<p><a href=\"http:\/\/halley.uis.edu.co\/clases\/lnunez\/wp-content\/uploads\/2016\/09\/Ernesto.png\" rel=\"attachment wp-att-798\"><img loading=\"lazy\" decoding=\"async\" class=\"aligncenter wp-image-798\" src=\"http:\/\/halley.uis.edu.co\/clases\/lnunez\/wp-content\/uploads\/2016\/09\/Ernesto-300x225.png\" alt=\"Ernesto\" width=\"642\" height=\"481\" srcset=\"https:\/\/halley.uis.edu.co\/clases\/lnunez\/wp-content\/uploads\/2016\/09\/Ernesto-300x225.png 300w, https:\/\/halley.uis.edu.co\/clases\/lnunez\/wp-content\/uploads\/2016\/09\/Ernesto-768x576.png 768w, https:\/\/halley.uis.edu.co\/clases\/lnunez\/wp-content\/uploads\/2016\/09\/Ernesto-1024x768.png 1024w\" sizes=\"auto, (max-width: 642px) 100vw, 642px\" \/><\/a><\/p>\n<p><a href=\"http:\/\/halley.uis.edu.co\/clases\/lnunez\/wp-content\/uploads\/2016\/09\/Barreto.png\" rel=\"attachment wp-att-799\"><img loading=\"lazy\" decoding=\"async\" class=\"aligncenter wp-image-799\" src=\"http:\/\/halley.uis.edu.co\/clases\/lnunez\/wp-content\/uploads\/2016\/09\/Barreto-300x225.png\" alt=\"Barreto\" width=\"641\" height=\"481\" srcset=\"https:\/\/halley.uis.edu.co\/clases\/lnunez\/wp-content\/uploads\/2016\/09\/Barreto-300x225.png 300w, https:\/\/halley.uis.edu.co\/clases\/lnunez\/wp-content\/uploads\/2016\/09\/Barreto-768x576.png 768w, https:\/\/halley.uis.edu.co\/clases\/lnunez\/wp-content\/uploads\/2016\/09\/Barreto-1024x768.png 1024w\" sizes=\"auto, (max-width: 641px) 100vw, 641px\" \/><\/a><\/p>\n<p><a href=\"http:\/\/halley.uis.edu.co\/clases\/lnunez\/wp-content\/uploads\/2016\/09\/ChusMartin.png\" rel=\"attachment wp-att-791\"><img loading=\"lazy\" decoding=\"async\" class=\"aligncenter wp-image-791\" src=\"http:\/\/halley.uis.edu.co\/clases\/lnunez\/wp-content\/uploads\/2016\/09\/ChusMartin-300x225.png\" alt=\"ChusMartin\" width=\"679\" height=\"509\" srcset=\"https:\/\/halley.uis.edu.co\/clases\/lnunez\/wp-content\/uploads\/2016\/09\/ChusMartin-300x225.png 300w, https:\/\/halley.uis.edu.co\/clases\/lnunez\/wp-content\/uploads\/2016\/09\/ChusMartin-768x576.png 768w, https:\/\/halley.uis.edu.co\/clases\/lnunez\/wp-content\/uploads\/2016\/09\/ChusMartin-1024x768.png 1024w\" sizes=\"auto, (max-width: 679px) 100vw, 679px\" \/><\/a><\/p>\n","protected":false},"excerpt":{"rendered":"<p>Hay fechas transcendentales en la vida para contabilizar y hacer un balance\u00a0logros y\u00a0desatinos.\u00a0Sin duda la edad de\u00a070 a\u00f1os trae\u00a0consigo esa posiblidad de mirar hacia atr\u00e1s y contar historias.\u00a0Este a\u00f1o 2016 es, para muchos f\u00edsicos latinoamericanos, un a\u00f1o importante\u00a0porque Rodolfo Gambini &hellip; <a href=\"https:\/\/halley.uis.edu.co\/clases\/lnunez\/?page_id=767\">Sigue leyendo <span class=\"meta-nav\">&rarr;<\/span><\/a><\/p>\n","protected":false},"author":1,"featured_media":0,"parent":0,"menu_order":0,"comment_status":"closed","ping_status":"closed","template":"","meta":{"_exactmetrics_skip_tracking":false,"_exactmetrics_sitenote_active":false,"_exactmetrics_sitenote_note":"","_exactmetrics_sitenote_category":0,"footnotes":""},"class_list":["post-767","page","type-page","status-publish","hentry"],"_links":{"self":[{"href":"https:\/\/halley.uis.edu.co\/clases\/lnunez\/index.php?rest_route=\/wp\/v2\/pages\/767","targetHints":{"allow":["GET"]}}],"collection":[{"href":"https:\/\/halley.uis.edu.co\/clases\/lnunez\/index.php?rest_route=\/wp\/v2\/pages"}],"about":[{"href":"https:\/\/halley.uis.edu.co\/clases\/lnunez\/index.php?rest_route=\/wp\/v2\/types\/page"}],"author":[{"embeddable":true,"href":"https:\/\/halley.uis.edu.co\/clases\/lnunez\/index.php?rest_route=\/wp\/v2\/users\/1"}],"replies":[{"embeddable":true,"href":"https:\/\/halley.uis.edu.co\/clases\/lnunez\/index.php?rest_route=%2Fwp%2Fv2%2Fcomments&post=767"}],"version-history":[{"count":31,"href":"https:\/\/halley.uis.edu.co\/clases\/lnunez\/index.php?rest_route=\/wp\/v2\/pages\/767\/revisions"}],"predecessor-version":[{"id":815,"href":"https:\/\/halley.uis.edu.co\/clases\/lnunez\/index.php?rest_route=\/wp\/v2\/pages\/767\/revisions\/815"}],"wp:attachment":[{"href":"https:\/\/halley.uis.edu.co\/clases\/lnunez\/index.php?rest_route=%2Fwp%2Fv2%2Fmedia&parent=767"}],"curies":[{"name":"wp","href":"https:\/\/api.w.org\/{rel}","templated":true}]}}