{"id":644,"date":"2015-11-03T23:56:09","date_gmt":"2015-11-03T23:56:09","guid":{"rendered":"http:\/\/halley.uis.edu.co\/clases\/lnunez\/?page_id=644"},"modified":"2016-02-11T13:51:23","modified_gmt":"2016-02-11T13:51:23","slug":"metodos-matematicos-de-la-fisica-2015b","status":"publish","type":"page","link":"https:\/\/halley.uis.edu.co\/clases\/lnunez\/?page_id=644","title":{"rendered":"M\u00e9todos Matem\u00e1ticos de la F\u00edsica (2015B)"},"content":{"rendered":"<p><strong>Evaluaci\u00f3n<\/strong><\/p>\n<ul>\n<li>3 ex\u00e1menes 60\n<li>10 tareas 20\n<li>1 Trabajo 20\n<\/ul>\n<p>H. Hern\u00e1ndez y L.A. N\u00fa\u00f1ez (2015)<strong>\u00a0<a href=\"http:\/\/halley.uis.edu.co\/clases\/lnunez\/?attachment_id=616\">Variable Compleja, Series y Ecuaciones Diferenciales Ordinarias<\/a><\/strong>\u00a0<em>Universidad Industrial de Santander Bucaramanga-Colombia<\/em>\u00a0(Borrador Preliminar en construcci\u00f3n)<em>\u00a0<\/em><\/p>\n<p>Herramientas computacionales MAXIMA <a href=\"http:\/\/maxima.sourceforge.net\/docs\/tutorial\/en\/gaertner-tutorial-revision\/Contents.htm\">Tutorial<\/a><\/p>\n<p><strong>Cronograma del Curso<\/strong><\/p>\n<ul>\n<li><strong>Semana 1: (26-28 Oct)<\/strong>\n<ol>\n<li>N\u00fameros y funciones de variable compleja\n<ol>\n<li>Repaso de n\u00fameros complejos (1.1)<\/li>\n<li>\u00a0Funciones de Variable compleja, polos y ceros (1.2, 1.3)<\/li>\n<\/ol>\n<\/li>\n<li>Tarea 1.\u00a0Ejercicios: 2b, 3b, 3d (pg13); 2(pg18); 1b, 2b 3c (pg23)<\/li>\n<\/ol>\n<\/li>\n<li><strong>Semana 2: (2-4 Nov)<\/strong>\n<ol>\n<li>Transformaciones conformes e integrales complejas\n<ol>\n<li>Transformaciones conformes e Integrales complejas (1.4, 1.5)<\/li>\n<li>Teorema Integral de Cauchy-Riemann<\/li>\n<\/ol>\n<\/li>\n<li>Tarea 2: (pg29); por definir<\/li>\n<\/ol>\n<\/li>\n<li><strong>Semana 3: (9-11 Nov)<\/strong>\n<ol>\n<li>Sucesiones, Series y Criterios de Convergencia\n<ol>\n<li>Sucesiones, Series y criterios de convergencia (2.1, 2.2, 2.3, 2.4, 2.5, 2.6, 2.7)<br \/>\nVideo\u00a0<a href=\"https:\/\/www.youtube.com\/watch?v=ox-MvID8pCQ\">Series I: Sucesiones y Series<\/a> y <a href=\"https:\/\/youtu.be\/z57Kff8gYc4\">Series y Manipulaci\u00f3n Simb\u00f3lica<\/a><br \/>\nVideo <a href=\"https:\/\/www.youtube.com\/watch?v=okuTozXq2n0\">SeriesII: Criterios de Convergencia<\/a><\/li>\n<li>Series de funciones y series de potencias (2.8, 2.9)<br \/>\nVideos <a href=\"https:\/\/youtu.be\/sV96SlPaxks\">Series III: Series de funciones<\/a><\/li>\n<\/ol>\n<\/li>\n<li>Tarea 3: \u00a04a, 5b (pg44); 2a, 2b (pg52);1b, 1e (pg59) 2, 3 5a (pg65)<\/li>\n<\/ol>\n<\/li>\n<li><strong>Semana 4: (16-18 Nov)<\/strong><\/li>\n<li><\/li>\n<li><strong>Semana 161: (18-20 Ene)<\/strong>\n<ol>\n<li>Ecuaciones Diferenciales Ordinarias de primer orden (<a title=\"Ecuaciones Diferenciales Ordinarias\" href=\"http:\/\/halley.uis.edu.co\/clases\/lnunez\/?attachment_id=674\">Notas Sobre Ecuaciones Diferenciales<\/a>)\u00a0Generalidades, nomenclatura, ecuaciones exacta, separable y factor integrador (2.3, 2.4, 3.1, 3.2, 3.3 )<\/li>\n<li>Tarea<\/li>\n<li>Algunos ejemplos de MAPLEV: Jugando con las ecuaciones (<a href=\"http:\/\/halley.uis.edu.co\/clases\/lnunez\/?attachment_id=679\">pdf<\/a>, <a href=\"http:\/\/halley.uis.edu.co\/clases\/lnunez\/?attachment_id=680\">zip<\/a>) Simulandito (<a href=\"http:\/\/halley.uis.edu.co\/clases\/lnunez\/?attachment_id=633 \">pdf<\/a>, <a href=\"http:\/\/halley.uis.edu.co\/clases\/lnunez\/?attachment_id=634 \">zip<\/a>)<\/li>\n<\/ol>\n<\/li>\n<li><strong>Semana 162 (25-27 Ene)<\/strong>\n<ol>\n<li>Soluciones num\u00e9ricas de ecuaciones diferenciales y ejemplos de ecuaciones diferenciales ordinarias de primer orden (4.1, 4.2, 4.3, 5.1, 5.2, 5.3, 5.4, 5.5, 5.6)<\/li>\n<li><a href=\"http:\/\/halley.uis.edu.co\/clases\/lnunez\/?attachment_id=682\">Tarea<\/a>\u00a0Entrega 1 febrero<\/li>\n<\/ol>\n<\/li>\n<li><strong>Semana 163 (1-3 Feb)<\/strong>\n<ul>\n<li>Soluciones ecuaciones diferenciales series<\/li>\n<li><a href=\"http:\/\/halley.uis.edu.co\/clases\/lnunez\/?attachment_id=686\">Tarea<\/a><\/li>\n<\/ul>\n<\/li>\n<li><strong>Semana 164 (8-10 Feb)<\/strong>\n<ul>\n<li>Problema de Sturm-Liouville, Ecuaciones diferenciales parciales: 7 ejemplos y un destino <a href=\"http:\/\/halley.uis.edu.co\/clases\/lnunez\/wp-content\/uploads\/2016\/02\/EcDiferencialesParciales.pdf\">pdf<\/a> <a href=\"http:\/\/halley.uis.edu.co\/clases\/lnunez\/wp-content\/uploads\/2016\/02\/EcDiferencialesParciales.zip\">zip<\/a><\/li>\n<li><a href=\"http:\/\/halley.uis.edu.co\/clases\/lnunez\/?attachment_id=709\">Tarea<\/a>\u00a0 y un ejemplo de como calcularlo <a href=\"http:\/\/halley.uis.edu.co\/clases\/lnunez\/?attachment_id=711\">pdf<\/a> <a href=\"http:\/\/halley.uis.edu.co\/clases\/lnunez\/wp-content\/uploads\/2016\/02\/AnisotropiaAutogravitante.zip\">zip<\/a><\/li>\n<\/ul>\n<\/li>\n<\/ul>\n<p>&nbsp;<\/p>\n","protected":false},"excerpt":{"rendered":"<p>Evaluaci\u00f3n 3 ex\u00e1menes 60 10 tareas 20 1 Trabajo 20 H. Hern\u00e1ndez y L.A. N\u00fa\u00f1ez (2015)\u00a0Variable Compleja, Series y Ecuaciones Diferenciales Ordinarias\u00a0Universidad Industrial de Santander Bucaramanga-Colombia\u00a0(Borrador Preliminar en construcci\u00f3n)\u00a0 Herramientas computacionales MAXIMA Tutorial Cronograma del Curso Semana 1: (26-28 Oct) &hellip; <a href=\"https:\/\/halley.uis.edu.co\/clases\/lnunez\/?page_id=644\">Sigue leyendo <span class=\"meta-nav\">&rarr;<\/span><\/a><\/p>\n","protected":false},"author":1,"featured_media":0,"parent":642,"menu_order":0,"comment_status":"open","ping_status":"open","template":"","meta":{"_exactmetrics_skip_tracking":false,"_exactmetrics_sitenote_active":false,"_exactmetrics_sitenote_note":"","_exactmetrics_sitenote_category":0,"footnotes":""},"class_list":["post-644","page","type-page","status-publish","hentry"],"_links":{"self":[{"href":"https:\/\/halley.uis.edu.co\/clases\/lnunez\/index.php?rest_route=\/wp\/v2\/pages\/644","targetHints":{"allow":["GET"]}}],"collection":[{"href":"https:\/\/halley.uis.edu.co\/clases\/lnunez\/index.php?rest_route=\/wp\/v2\/pages"}],"about":[{"href":"https:\/\/halley.uis.edu.co\/clases\/lnunez\/index.php?rest_route=\/wp\/v2\/types\/page"}],"author":[{"embeddable":true,"href":"https:\/\/halley.uis.edu.co\/clases\/lnunez\/index.php?rest_route=\/wp\/v2\/users\/1"}],"replies":[{"embeddable":true,"href":"https:\/\/halley.uis.edu.co\/clases\/lnunez\/index.php?rest_route=%2Fwp%2Fv2%2Fcomments&post=644"}],"version-history":[{"count":35,"href":"https:\/\/halley.uis.edu.co\/clases\/lnunez\/index.php?rest_route=\/wp\/v2\/pages\/644\/revisions"}],"predecessor-version":[{"id":719,"href":"https:\/\/halley.uis.edu.co\/clases\/lnunez\/index.php?rest_route=\/wp\/v2\/pages\/644\/revisions\/719"}],"up":[{"embeddable":true,"href":"https:\/\/halley.uis.edu.co\/clases\/lnunez\/index.php?rest_route=\/wp\/v2\/pages\/642"}],"wp:attachment":[{"href":"https:\/\/halley.uis.edu.co\/clases\/lnunez\/index.php?rest_route=%2Fwp%2Fv2%2Fmedia&parent=644"}],"curies":[{"name":"wp","href":"https:\/\/api.w.org\/{rel}","templated":true}]}}