{"id":6,"date":"2013-05-12T12:47:53","date_gmt":"2013-05-12T12:47:53","guid":{"rendered":"http:\/\/halley.uis.edu.co\/clases\/lnunez\/?page_id=6"},"modified":"2025-01-22T01:04:44","modified_gmt":"2025-01-22T01:04:44","slug":"quien-soy","status":"publish","type":"page","link":"https:\/\/halley.uis.edu.co\/clases\/lnunez\/?page_id=6","title":{"rendered":"\u00bfQui\u00e9n soy?"},"content":{"rendered":"<p>Soy el investigador principal y vocero del Observatorio Gigante Latinoamericano (LAGO por sus siglas en ingl\u00e9s de <a href=\"http:\/\/lagoproject.net\/\">Latin American Giant Obsevatory<\/a>.) Tambi\u00e9n soy el representante por Colombia en la colaboraci\u00f3n <a href=\"https:\/\/www.auger.org\/\">Observatorio Pierre Auger<\/a>, dentro\u00a0 del equipo de investigaci\u00f3n en CosmoGeophysics.\u00a0 Al mismo tiempo, soy Co-Investigador Principal de la Latin-american Alliance for Capacity buildiNG in Advanced Physics (<a href=\"http:\/\/laconga.redclara.net\/\">LA-CoNGA Physics<\/a>) un proyecto ERASMUS+\u00a0 para modernizar la educaci\u00f3n superior en F\u00edsica en ocho instituciones de cuatro pa\u00edses andinos (Colombia, Ecuador, Per\u00fa y Venezuela).\u00a0\u00a0<\/p>\r\n \r\n<p>Actualmente soy Profesor Titular (Jubilado) Universidad de Los Andes en M\u00e9rida Venezuela y me desempe\u00f1o como Profesor Titular en la Escuela de F\u00edsica de la Universidad Industrial de Santander, Bucarmanga-Colombia. <br \/>Mi actividad en la Universidad Industrial de Santander se ve reportada en los <a href=\"https:\/\/halley.uis.edu.co\/clases\/lnunez\/?page_id=1063\">Informes de Tenencias.<\/a> Estos son informes quinquenales de mis actividades en los tres ejes misionales: Investigaci\u00f3n, docencia y apropiaci\u00f3n social del conocimiento.\u00a0<\/p>\r\n<p>Tambi\u00e9n sigo cooperando en la construcci\u00f3n de comunidades virtuales de investigaci\u00f3n dentro de la <a href=\"https:\/\/redclara.net\/index.php\/es\/\">Cooperaci\u00f3n Latinoamerica de Redes Avanzadas<\/a> (CLARA) donde me desempe\u00f1\u00e9 como Gerente de Relaciones acad\u00e9micas del 2011-2014.<\/p>\r\n<p>Licenciado en F\u00edsica (Universidad Sim\u00f3n Bol\u00edvar, Caracas-Venezuela 1979) y Doctor en Ciencias (Universidad Central de Venezuela, Caracas-Venezuela 1988); Areas de inter\u00e9s son: Astrof\u00edsica Relativista, Astropart\u00edculas y Ciencias de la Informaci\u00f3n. Coautor de casi 350 art\u00edculos en revistas internacionales en las \u00e1reas antes mencionadas y profesor invitado en Universidades y Centros de investigaci\u00f3n de Francia, Espa\u00f1a, Italia, EEUU y Cuba.<\/p>\r\n<p>Algunas de mis publicaciones pueden encontrarse en <a href=\"http:\/\/scholar.google.co.ve\/citations?user=2Q5_QxkAAAAJ&amp;hl=en\">google Scholar<\/a> , en <a href=\"https:\/\/ui.adsabs.harvard.edu\/search\/q=orcid%3A%200000-0003-4575-5899&amp;sort=date%20desc%2C%20bibcode%20desc&amp;p_=0\">ADS<\/a> , en <a href=\"https:\/\/inspirehep.net\/authors\/995333\">INSPIRE-HEP<\/a> en <a href=\"https:\/\/www.researchgate.net\/profile\/Luis_Nunez4\/publications\">Research Gate\u00a0<\/a>\u00a0y tambi\u00e9n en\u00a0<a href=\"http:\/\/orcid.org\/0000-0003-4575-5899\">ORCID<\/a><\/p>\r\n<ul>\r\n<li><a href=\"http:\/\/halley.uis.edu.co\/clases\/lnunez\/wp-content\/uploads\/2015\/10\/ORCIDQR.png\"><img loading=\"lazy\" decoding=\"async\" class=\"alignnone size-medium wp-image-627\" src=\"http:\/\/halley.uis.edu.co\/clases\/lnunez\/wp-content\/uploads\/2015\/10\/ORCIDQR-300x284.png\" alt=\"ORCIDQR\" width=\"300\" height=\"284\" srcset=\"https:\/\/halley.uis.edu.co\/clases\/lnunez\/wp-content\/uploads\/2015\/10\/ORCIDQR-300x284.png 300w, https:\/\/halley.uis.edu.co\/clases\/lnunez\/wp-content\/uploads\/2015\/10\/ORCIDQR.png 413w\" sizes=\"auto, (max-width: 300px) 100vw, 300px\" \/><\/a><\/li>\r\n<\/ul>\r\n<p>Colabor\u00e9\u00a0activamente en la construcci\u00f3n y consolidaci\u00f3n de exitosos proyectos pioneros de Tecnolog\u00edas de Informaci\u00f3n y Comunicaci\u00f3n (TIC) en Venezuela. Entre ellos se pueden mencionar:<\/p>\r\n<ul>\r\n<li>la Red de Datos de la Universidad de Los Andes (RedULA),<\/li>\r\n<li>el Repositorio Institucional para preservaci\u00f3n del patrimonio Intelectual Institucional <a href=\"http:\/\/www.saber.ula.ve\/\">saber.ula.ve<\/a> ,<\/li>\r\n<li>la Escuela Latinoamericana de Redes (EsLaRed)<\/li>\r\n<li>el Centro Nacional de C\u00e1lculo Cient\u00edfico, Universidad de los Andes (CeCalCULA),<\/li>\r\n<li>la Red Acad\u00e9mica de Centros de Investigaci\u00f3n y Universidades Nacionales (REACCIUN) de Venezuela,<\/li>\r\n<li>el Consejo de Computaci\u00f3n Acad\u00e9mica de la Universidad de Los Andes ( CCA-ULA ) y<\/li>\r\n<li>la Corporaci\u00f3n Parque Tecnol\u00f3gico de M\u00e9rida (CPTM).<\/li>\r\n<\/ul>\r\n<p>Fui Director de Computaci\u00f3n Acad\u00e9mica de la Universidad de Los Andes en M\u00e9rida-Vezuela. por m\u00e1s de una d\u00e9cada (1995-2009), per\u00edodo durante el cual se desarrollaron la mayor parte de esos proyectos estrat\u00e9gicos. (Un resumen de 25 a\u00f1os de logros de esta dependencia puede consultarse en Consejo de <a href=\"http:\/\/documentas.redclara.net\/handle\/10786\/845\">Computaci\u00f3n Acad\u00e9mica: 25 a\u00f1os de experiencia en servicios de computaci\u00f3n en los andes venezolanos<\/a> LA N\u00fa\u00f1ez, JG Silva, G Vargas &#8211; 2014\u00a0).<\/p>\r\n<p>He\u00a0participado en importantes proyectos de cooperaci\u00f3n internacional para formar personal y generar infraestructura en computaci\u00f3n cient\u00edfica y redes avanzadas en Am\u00e9rica Latina:<\/p>\r\n<ul>\r\n<li>Latin-american Alliance for Capacity buildiNG in Advanced Physics (<a href=\"http:\/\/laconga.redclara.net\/\">LA-CoNGA Physics<\/a>)<\/li>\r\n<li><a href=\"http:\/\/cordis.europa.eu\/project\/rcn\/104131_en.html\">Europe Latin America Collaborative e-Infrastructure for Research Activities (ELCIRA)<\/a><\/li>\r\n<li><a href=\"http:\/\/cordis.europa.eu\/project\/rcn\/95925_en.html\">Co-ordination and Harmonisation of Advanced e-INfrastructures<\/a>\u00a0CHAIN<\/li>\r\n<li><a href=\"http:\/\/cordis.europa.eu\/project\/rcn\/104593_en.html\">Coordination and Harmonisation of Advanced e-Infrastructures for Research and Education Data Sharing<\/a>\u00a0(CHAIN-REDS)<\/li>\r\n<li><a href=\"http:\/\/cordis.europa.eu\/project\/rcn\/95836_en.html\">Grid Initiatives for E-Science Virtual Communities in Europe and Latin America (GISELA)<\/a><\/li>\r\n<li><a href=\"http:\/\/cordis.europa.eu\/project\/rcn\/86622_en.html\">E-Science Grid Facility for \u00a0Europe and Latin America \u00a0EELA<\/a>2<\/li>\r\n<li><a href=\"http:\/\/cordis.europa.eu\/project\/rcn\/80129_en.html\">E-Infrastructure shared between Europe and Latin America<\/a>\u00a0EELA<\/li>\r\n<li><a href=\"http:\/\/www.roma1.infn.it\/exp\/helen\/\">High Energy Physics LatinAmerican-European Network (HELEN)<\/a><\/li>\r\n<\/ul>\r\n<p>&nbsp;<\/p>\r\n","protected":false},"excerpt":{"rendered":"<p>Soy el investigador principal y vocero del Observatorio Gigante Latinoamericano (LAGO por sus siglas en ingl\u00e9s de Latin American Giant Obsevatory.) Tambi\u00e9n soy el representante por Colombia en la colaboraci\u00f3n Observatorio Pierre Auger, dentro\u00a0 del equipo de investigaci\u00f3n en CosmoGeophysics.\u00a0 &hellip; <a href=\"https:\/\/halley.uis.edu.co\/clases\/lnunez\/?page_id=6\">Sigue leyendo <span class=\"meta-nav\">&rarr;<\/span><\/a><\/p>\n","protected":false},"author":1,"featured_media":0,"parent":0,"menu_order":0,"comment_status":"open","ping_status":"open","template":"","meta":{"_exactmetrics_skip_tracking":false,"_exactmetrics_sitenote_active":false,"_exactmetrics_sitenote_note":"","_exactmetrics_sitenote_category":0,"footnotes":""},"class_list":["post-6","page","type-page","status-publish","hentry"],"_links":{"self":[{"href":"https:\/\/halley.uis.edu.co\/clases\/lnunez\/index.php?rest_route=\/wp\/v2\/pages\/6","targetHints":{"allow":["GET"]}}],"collection":[{"href":"https:\/\/halley.uis.edu.co\/clases\/lnunez\/index.php?rest_route=\/wp\/v2\/pages"}],"about":[{"href":"https:\/\/halley.uis.edu.co\/clases\/lnunez\/index.php?rest_route=\/wp\/v2\/types\/page"}],"author":[{"embeddable":true,"href":"https:\/\/halley.uis.edu.co\/clases\/lnunez\/index.php?rest_route=\/wp\/v2\/users\/1"}],"replies":[{"embeddable":true,"href":"https:\/\/halley.uis.edu.co\/clases\/lnunez\/index.php?rest_route=%2Fwp%2Fv2%2Fcomments&post=6"}],"version-history":[{"count":30,"href":"https:\/\/halley.uis.edu.co\/clases\/lnunez\/index.php?rest_route=\/wp\/v2\/pages\/6\/revisions"}],"predecessor-version":[{"id":1120,"href":"https:\/\/halley.uis.edu.co\/clases\/lnunez\/index.php?rest_route=\/wp\/v2\/pages\/6\/revisions\/1120"}],"wp:attachment":[{"href":"https:\/\/halley.uis.edu.co\/clases\/lnunez\/index.php?rest_route=%2Fwp%2Fv2%2Fmedia&parent=6"}],"curies":[{"name":"wp","href":"https:\/\/api.w.org\/{rel}","templated":true}]}}