{"id":436,"date":"2015-03-05T10:46:47","date_gmt":"2015-03-05T10:46:47","guid":{"rendered":"http:\/\/halley.uis.edu.co\/clases\/lnunez\/?page_id=436"},"modified":"2015-06-07T18:53:26","modified_gmt":"2015-06-07T18:53:26","slug":"matematicas-avanzadas-2015a","status":"publish","type":"page","link":"https:\/\/halley.uis.edu.co\/clases\/lnunez\/?page_id=436","title":{"rendered":"Matem\u00e1ticas Avanzadas 2015A"},"content":{"rendered":"<p><strong style=\"font-size: 1.8em;\">Cronograma del Curso<\/strong><\/p>\n<ol>\n<li><strong>Semana 1: (3-5 Marzo)<\/strong>\n<ol>\n<li>Un M\u00ednimo de Espacios de Hilbert\n<ol>\n<li><a href=\"http:\/\/halley.uis.edu.co\/clases\/lnunez\/wp-content\/uploads\/2014\/02\/Capt2LibroMetMatPart1V01LN.pdf\">Espacios vectoriales o espacios lineales<\/a>\u00a0(2.1.2, 2.1.3, 2.2, 2.3,)<\/li>\n<li><a href=\"http:\/\/halley.uis.edu.co\/clases\/lnunez\/wp-content\/uploads\/2014\/02\/Capt3LibroMetMatPart1V01LN.pdf\">Formas diferenciales y Espacios vectoriales duales<\/a>\u00a0(\u00a02.4, 2.5)<\/li>\n<\/ol>\n<\/li>\n<li><a href=\"https:\/\/mailuis-my.sharepoint.com\/personal\/lnunez_uis_edu_co\/_layouts\/15\/guestaccess.aspx?guestaccesstoken=b8Ca8fENCrot5WMyy00YKh%2bvKb985vZlHFGzexpfh2M%3d&amp;docid=0015d7f09e8b548a5b40b4a0ad8ea3a6a\">Tarea 1 (Entrega 10Marzo)<\/a><\/li>\n<\/ol>\n<\/li>\n<li><strong>Semana 2: (10-12 Marzo)<\/strong>\n<ol>\n<li>Espacios vectoriales y operadores lineales\n<ol>\n<li>Bases y espacios vectoriales \u00a0(3.1, 3.2)<\/li>\n<li><a href=\"https:\/\/mailuis-my.sharepoint.com\/personal\/lnunez_uis_edu_co\/_layouts\/15\/guestaccess.aspx?guestaccesstoken=AkswQuIAmzwRCsanMcNaWksERpTvXkMzrpgFmiD9fNc%3d&amp;docid=00d93b272adef49e2b1703387bae6ce37\">Operadores Lineales<\/a>\u00a0 (4.1)<\/li>\n<\/ol>\n<\/li>\n<li><a href=\"https:\/\/mailuis-my.sharepoint.com\/personal\/lnunez_uis_edu_co\/_layouts\/15\/guestaccess.aspx?guestaccesstoken=XQ%2fhiK71JrlKZvmXpj2eks%2bGopOXygSSUyPJJ%2bO9nt8%3d&amp;docid=06fbc109340e744c592f87de0ecea5dae\">Tarea 2 (Entrega 17Marzo)<\/a>\u00a0(<span style=\"color: #ff0000;\">Nueva<\/span>)<\/li>\n<\/ol>\n<\/li>\n<li><strong>Semana 3: (17-19 Marzo)<\/strong>\n<ol>\n<li>Operadores lineales y matrices\n<ol>\n<li>Representaciones matriciales de operadores lineales (4.2, 4.3, 4.4)<\/li>\n<li>Autovalores y Autovectores (4.6, 4.7)<\/li>\n<\/ol>\n<\/li>\n<li><a href=\"https:\/\/mailuis-my.sharepoint.com\/personal\/lnunez_uis_edu_co\/_layouts\/15\/guestaccess.aspx?guestaccesstoken=PSibdT%2bOTpJFqNzzYA6tfTpk8wH1t9Mz9030N2fizbo%3d&amp;docid=0e58b1af4deca424e85a2e48082ca207f\">Tarea 3<\/a> ( Entrega 24Marzo )<\/li>\n<\/ol>\n<\/li>\n<li><strong>Semana n: (19-21 Mayo)<\/strong>\n<ol>\n<li><a href=\"http:\/\/halley.uis.edu.co\/clases\/lnunez\/wp-content\/uploads\/2015\/05\/Capt7LibroMetMatPart1LNX.pdf\">Series de Series<\/a>\n<ol>\n<li>Series de Potencias \u00a0(7.2)<\/li>\n<li>Series de Polinomios Ortogonales (7.4)<\/li>\n<\/ol>\n<\/li>\n<li><a href=\"http:\/\/halley.uis.edu.co\/clases\/lnunez\/wp-content\/uploads\/2015\/05\/150525TareaSeries.pdf\">Tarea 4<\/a> ( Entrega 4 Junio )<\/li>\n<\/ol>\n<\/li>\n<li><strong>Semana n+1: (26-28 Mayo)<\/strong>\n<ol>\n<li>Series y Ecuaciones diferenciales\n<ol>\n<li>Series de Fourier (7.5.1-7.5.5)<\/li>\n<li>Ecuaciones Diferenciales Motivaci\u00f3n y Nomenclatura (8.1, 8.2)<\/li>\n<\/ol>\n<\/li>\n<li>Tarea<\/li>\n<\/ol>\n<\/li>\n<li><strong>Semana n+2: (2-4 Junio)<\/strong>\n<ol>\n<li><a href=\"http:\/\/halley.uis.edu.co\/clases\/lnunez\/wp-content\/uploads\/2015\/05\/Capt8LibroMetMatPart1LNXX.pdf\">Ecuaciones diferenciales ordinarias<\/a>\n<ol>\n<li>Ecuaciones Diferenciales Ordinarias de Primer Orden<\/li>\n<li>Algunos m\u00e9todos num\u00e9ricos para la integraci\u00f3n de EDO<\/li>\n<\/ol>\n<\/li>\n<li>Tarea<\/li>\n<\/ol>\n<\/li>\n<li><strong>Semana n+3 (9-11 Junio)<\/strong>\n<ol>\n<li>Ecuaciones diferenciales ordinarias de 2d orden\n<ol>\n<li>Generalidades y m\u00e9todos de soluci\u00f3n<\/li>\n<li>El oscilador arm\u00f3nico simple<\/li>\n<\/ol>\n<\/li>\n<li><a href=\"http:\/\/halley.uis.edu.co\/clases\/lnunez\/wp-content\/uploads\/2015\/06\/1506Tarea5EDO.pdf\">Tarea 5<\/a><\/li>\n<\/ol>\n<\/li>\n<\/ol>\n","protected":false},"excerpt":{"rendered":"<p>Cronograma del Curso Semana 1: (3-5 Marzo) Un M\u00ednimo de Espacios de Hilbert Espacios vectoriales o espacios lineales\u00a0(2.1.2, 2.1.3, 2.2, 2.3,) Formas diferenciales y Espacios vectoriales duales\u00a0(\u00a02.4, 2.5) Tarea 1 (Entrega 10Marzo) Semana 2: (10-12 Marzo) Espacios vectoriales y operadores &hellip; <a href=\"https:\/\/halley.uis.edu.co\/clases\/lnunez\/?page_id=436\">Sigue leyendo <span class=\"meta-nav\">&rarr;<\/span><\/a><\/p>\n","protected":false},"author":1,"featured_media":0,"parent":429,"menu_order":0,"comment_status":"open","ping_status":"open","template":"","meta":{"_exactmetrics_skip_tracking":false,"_exactmetrics_sitenote_active":false,"_exactmetrics_sitenote_note":"","_exactmetrics_sitenote_category":0,"footnotes":""},"class_list":["post-436","page","type-page","status-publish","hentry"],"_links":{"self":[{"href":"https:\/\/halley.uis.edu.co\/clases\/lnunez\/index.php?rest_route=\/wp\/v2\/pages\/436","targetHints":{"allow":["GET"]}}],"collection":[{"href":"https:\/\/halley.uis.edu.co\/clases\/lnunez\/index.php?rest_route=\/wp\/v2\/pages"}],"about":[{"href":"https:\/\/halley.uis.edu.co\/clases\/lnunez\/index.php?rest_route=\/wp\/v2\/types\/page"}],"author":[{"embeddable":true,"href":"https:\/\/halley.uis.edu.co\/clases\/lnunez\/index.php?rest_route=\/wp\/v2\/users\/1"}],"replies":[{"embeddable":true,"href":"https:\/\/halley.uis.edu.co\/clases\/lnunez\/index.php?rest_route=%2Fwp%2Fv2%2Fcomments&post=436"}],"version-history":[{"count":30,"href":"https:\/\/halley.uis.edu.co\/clases\/lnunez\/index.php?rest_route=\/wp\/v2\/pages\/436\/revisions"}],"predecessor-version":[{"id":497,"href":"https:\/\/halley.uis.edu.co\/clases\/lnunez\/index.php?rest_route=\/wp\/v2\/pages\/436\/revisions\/497"}],"up":[{"embeddable":true,"href":"https:\/\/halley.uis.edu.co\/clases\/lnunez\/index.php?rest_route=\/wp\/v2\/pages\/429"}],"wp:attachment":[{"href":"https:\/\/halley.uis.edu.co\/clases\/lnunez\/index.php?rest_route=%2Fwp%2Fv2%2Fmedia&parent=436"}],"curies":[{"name":"wp","href":"https:\/\/api.w.org\/{rel}","templated":true}]}}