{"id":429,"date":"2015-03-05T10:29:20","date_gmt":"2015-03-05T10:29:20","guid":{"rendered":"http:\/\/halley.uis.edu.co\/clases\/lnunez\/?page_id=429"},"modified":"2015-03-05T10:52:13","modified_gmt":"2015-03-05T10:52:13","slug":"matematicas-avanzadas-3","status":"publish","type":"page","link":"https:\/\/halley.uis.edu.co\/clases\/lnunez\/?page_id=429","title":{"rendered":"Matem\u00e1ticas Avanzadas"},"content":{"rendered":"<p>Estos son cursos de Matem\u00e1ticas para las maestr\u00edas en Geof\u00edsica, Inform\u00e1tica y Matem\u00e1ticas Aplicadas<\/p>\n<ol>\n<li><strong>Objetivos del Curso<\/strong>\n<ol>\n<li>Ampliar\u00a0 el conocimiento del lenguaje matem\u00e1tico y f\u00edsico\u00a0 para la construcci\u00f3n de\u00a0 modelos matem\u00e1ticos<\/li>\n<li>Elaborar\u00a0 modelos\u00a0trav\u00e9s de Ecuaciones Diferenciales, Ecuaciones en Derivadas Parciales (PDE), Ecuaciones en Diferencias,\u00a0 con el objetivo de\u00a0 comprender y explicar los procesos y fen\u00f3menos \u201cf\u00edsicos\u201d.<\/li>\n<li>Estudiar las implicaciones de estos modelos a trav\u00e9s de m\u00e9todos anal\u00edticos, num\u00e9ricos y cualitativos<\/li>\n<\/ol>\n<\/li>\n<li><strong>Evaluaci\u00f3n<\/strong>\n<ol>\n<li>Dos ex\u00e1menes 40\n<li>10 tareas 40\n<li>2 Trabajos 20\n<\/ol>\n<\/li>\n<\/ol>\n<ul>\n<li><a href=\"http:\/\/halley.uis.edu.co\/clases\/lnunez\/?page_id=82 \">Semestre 2014A<\/a><\/li>\n<li><a href=\"http:\/\/halley.uis.edu.co\/clases\/lnunez\/?page_id=303\">Semestre 2014B<\/a><\/li>\n<li>Semestre 2015A<\/li>\n<\/ul>\n","protected":false},"excerpt":{"rendered":"<p>Estos son cursos de Matem\u00e1ticas para las maestr\u00edas en Geof\u00edsica, Inform\u00e1tica y Matem\u00e1ticas Aplicadas Objetivos del Curso Ampliar\u00a0 el conocimiento del lenguaje matem\u00e1tico y f\u00edsico\u00a0 para la construcci\u00f3n de\u00a0 modelos matem\u00e1ticos Elaborar\u00a0 modelos\u00a0trav\u00e9s de Ecuaciones Diferenciales, Ecuaciones en Derivadas Parciales &hellip; <a href=\"https:\/\/halley.uis.edu.co\/clases\/lnunez\/?page_id=429\">Sigue leyendo <span class=\"meta-nav\">&rarr;<\/span><\/a><\/p>\n","protected":false},"author":1,"featured_media":0,"parent":9,"menu_order":0,"comment_status":"open","ping_status":"open","template":"","meta":{"_exactmetrics_skip_tracking":false,"_exactmetrics_sitenote_active":false,"_exactmetrics_sitenote_note":"","_exactmetrics_sitenote_category":0,"footnotes":""},"class_list":["post-429","page","type-page","status-publish","hentry"],"_links":{"self":[{"href":"https:\/\/halley.uis.edu.co\/clases\/lnunez\/index.php?rest_route=\/wp\/v2\/pages\/429","targetHints":{"allow":["GET"]}}],"collection":[{"href":"https:\/\/halley.uis.edu.co\/clases\/lnunez\/index.php?rest_route=\/wp\/v2\/pages"}],"about":[{"href":"https:\/\/halley.uis.edu.co\/clases\/lnunez\/index.php?rest_route=\/wp\/v2\/types\/page"}],"author":[{"embeddable":true,"href":"https:\/\/halley.uis.edu.co\/clases\/lnunez\/index.php?rest_route=\/wp\/v2\/users\/1"}],"replies":[{"embeddable":true,"href":"https:\/\/halley.uis.edu.co\/clases\/lnunez\/index.php?rest_route=%2Fwp%2Fv2%2Fcomments&post=429"}],"version-history":[{"count":6,"href":"https:\/\/halley.uis.edu.co\/clases\/lnunez\/index.php?rest_route=\/wp\/v2\/pages\/429\/revisions"}],"predecessor-version":[{"id":439,"href":"https:\/\/halley.uis.edu.co\/clases\/lnunez\/index.php?rest_route=\/wp\/v2\/pages\/429\/revisions\/439"}],"up":[{"embeddable":true,"href":"https:\/\/halley.uis.edu.co\/clases\/lnunez\/index.php?rest_route=\/wp\/v2\/pages\/9"}],"wp:attachment":[{"href":"https:\/\/halley.uis.edu.co\/clases\/lnunez\/index.php?rest_route=%2Fwp%2Fv2%2Fmedia&parent=429"}],"curies":[{"name":"wp","href":"https:\/\/api.w.org\/{rel}","templated":true}]}}