{"id":22,"date":"2013-05-12T13:36:08","date_gmt":"2013-05-12T13:36:08","guid":{"rendered":"http:\/\/halley.uis.edu.co\/clases\/lnunez\/?page_id=22"},"modified":"2015-08-23T17:25:24","modified_gmt":"2015-08-23T17:25:24","slug":"metodos-matematicos-de-la-fisica-1-mayo2013","status":"publish","type":"page","link":"https:\/\/halley.uis.edu.co\/clases\/lnunez\/?page_id=22","title":{"rendered":"M\u00e9todos Matem\u00e1ticos de la F\u00edsica 1 2013 (mayo2013)"},"content":{"rendered":"<p>En este curso vamos a revisar y formalizar una cantidad de conceptos matem\u00e1ticos que Uds. han visto en cursos anteriores.<\/p>\n<p>El programa del curso es mas o menos \u00e9ste<\/p>\n<p><strong>Semana 2 (17May + 22May + 24May)<\/strong><\/p>\n<ul>\n<li><a title=\"Introducci\u00f3n a la Manipulaci\u00f3n simb\u00f3lica \" href=\"http:\/http:\/\/cevale2.uis.edu.co\/~cevale2\/wiki\/images\/IntroduccionMAPLE.pdf\" target=\"_blank\">Introducci\u00f3n a la manipulaci\u00f3n simb\u00f3lica<\/a>\u00a0C\u00f3digo de prueba en <a title=\"c\u00f3digo de prueba en MAPLE\" href=\"http:\/\/cevale2.uis.edu.co\/~cevale2\/wiki\/index.php\/Archivo:IntroduccionMAPLEmw.zip\">MAPLE<\/a><\/li>\n<li><a title=\"Los vectores de siempre\" href=\"http:\/\/cevale2.uis.edu.co\/~cevale2\/wiki\/images\/Capt1MetMatV00.pdf\">Los vectores de siempre\u00a0<\/a><\/li>\n<li>Tarea (entrega 24May) Ejercicios 1, \u00a03, 7. Haga un c\u00f3digo MAPLE para construir la red rec\u00edproca a los sistemas cristalinos: BCC y FCC. Haga un c\u00f3digo en MAPLE para resolver el ejercicio 2.<\/li>\n<\/ul>\n","protected":false},"excerpt":{"rendered":"<p>En este curso vamos a revisar y formalizar una cantidad de conceptos matem\u00e1ticos que Uds. han visto en cursos anteriores. El programa del curso es mas o menos \u00e9ste Semana 2 (17May + 22May + 24May) Introducci\u00f3n a la manipulaci\u00f3n &hellip; <a href=\"https:\/\/halley.uis.edu.co\/clases\/lnunez\/?page_id=22\">Sigue leyendo <span class=\"meta-nav\">&rarr;<\/span><\/a><\/p>\n","protected":false},"author":1,"featured_media":0,"parent":562,"menu_order":0,"comment_status":"open","ping_status":"open","template":"","meta":{"_exactmetrics_skip_tracking":false,"_exactmetrics_sitenote_active":false,"_exactmetrics_sitenote_note":"","_exactmetrics_sitenote_category":0,"footnotes":""},"class_list":["post-22","page","type-page","status-publish","hentry"],"_links":{"self":[{"href":"https:\/\/halley.uis.edu.co\/clases\/lnunez\/index.php?rest_route=\/wp\/v2\/pages\/22","targetHints":{"allow":["GET"]}}],"collection":[{"href":"https:\/\/halley.uis.edu.co\/clases\/lnunez\/index.php?rest_route=\/wp\/v2\/pages"}],"about":[{"href":"https:\/\/halley.uis.edu.co\/clases\/lnunez\/index.php?rest_route=\/wp\/v2\/types\/page"}],"author":[{"embeddable":true,"href":"https:\/\/halley.uis.edu.co\/clases\/lnunez\/index.php?rest_route=\/wp\/v2\/users\/1"}],"replies":[{"embeddable":true,"href":"https:\/\/halley.uis.edu.co\/clases\/lnunez\/index.php?rest_route=%2Fwp%2Fv2%2Fcomments&post=22"}],"version-history":[{"count":6,"href":"https:\/\/halley.uis.edu.co\/clases\/lnunez\/index.php?rest_route=\/wp\/v2\/pages\/22\/revisions"}],"predecessor-version":[{"id":565,"href":"https:\/\/halley.uis.edu.co\/clases\/lnunez\/index.php?rest_route=\/wp\/v2\/pages\/22\/revisions\/565"}],"up":[{"embeddable":true,"href":"https:\/\/halley.uis.edu.co\/clases\/lnunez\/index.php?rest_route=\/wp\/v2\/pages\/562"}],"wp:attachment":[{"href":"https:\/\/halley.uis.edu.co\/clases\/lnunez\/index.php?rest_route=%2Fwp%2Fv2%2Fmedia&parent=22"}],"curies":[{"name":"wp","href":"https:\/\/api.w.org\/{rel}","templated":true}]}}