{"id":12,"date":"2013-05-12T12:52:40","date_gmt":"2013-05-12T12:52:40","guid":{"rendered":"http:\/\/halley.uis.edu.co\/clases\/lnunez\/?page_id=12"},"modified":"2013-05-17T15:48:21","modified_gmt":"2013-05-17T15:48:21","slug":"introduccion-a-la-fisica","status":"publish","type":"page","link":"https:\/\/halley.uis.edu.co\/clases\/lnunez\/?page_id=12","title":{"rendered":"Introducci\u00f3n a la F\u00edsica (mayo 2013)"},"content":{"rendered":"<p>Este curso tiene por objetivo mostrarle a los estudiantes, cu\u00e1l es el oficio de los f\u00edsicos (las estrategias para abordar los problemas, las herramientas y t\u00e9cnicas que usamos, la manera como nos comunicamos, otros&#8230;) y qu\u00e9 tipo de F\u00edsica se hace en nuestra escuela de la Universidad Industrial de Santander. Tenemos un sitio exclusivo para este curso y puede acceder por <a title=\"F\u00edsica para todos\" href=\"http:\/\/halley.uis.edu.co\/fisica_para_todos\/\" target=\"_blank\">aqu\u00ed<\/a><\/p>\n","protected":false},"excerpt":{"rendered":"<p>Este curso tiene por objetivo mostrarle a los estudiantes, cu\u00e1l es el oficio de los f\u00edsicos (las estrategias para abordar los problemas, las herramientas y t\u00e9cnicas que usamos, la manera como nos comunicamos, otros&#8230;) y qu\u00e9 tipo de F\u00edsica se &hellip; <a href=\"https:\/\/halley.uis.edu.co\/clases\/lnunez\/?page_id=12\">Sigue leyendo <span class=\"meta-nav\">&rarr;<\/span><\/a><\/p>\n","protected":false},"author":1,"featured_media":0,"parent":9,"menu_order":0,"comment_status":"open","ping_status":"open","template":"","meta":{"_exactmetrics_skip_tracking":false,"_exactmetrics_sitenote_active":false,"_exactmetrics_sitenote_note":"","_exactmetrics_sitenote_category":0,"footnotes":""},"class_list":["post-12","page","type-page","status-publish","hentry"],"_links":{"self":[{"href":"https:\/\/halley.uis.edu.co\/clases\/lnunez\/index.php?rest_route=\/wp\/v2\/pages\/12","targetHints":{"allow":["GET"]}}],"collection":[{"href":"https:\/\/halley.uis.edu.co\/clases\/lnunez\/index.php?rest_route=\/wp\/v2\/pages"}],"about":[{"href":"https:\/\/halley.uis.edu.co\/clases\/lnunez\/index.php?rest_route=\/wp\/v2\/types\/page"}],"author":[{"embeddable":true,"href":"https:\/\/halley.uis.edu.co\/clases\/lnunez\/index.php?rest_route=\/wp\/v2\/users\/1"}],"replies":[{"embeddable":true,"href":"https:\/\/halley.uis.edu.co\/clases\/lnunez\/index.php?rest_route=%2Fwp%2Fv2%2Fcomments&post=12"}],"version-history":[{"count":5,"href":"https:\/\/halley.uis.edu.co\/clases\/lnunez\/index.php?rest_route=\/wp\/v2\/pages\/12\/revisions"}],"predecessor-version":[{"id":420,"href":"https:\/\/halley.uis.edu.co\/clases\/lnunez\/index.php?rest_route=\/wp\/v2\/pages\/12\/revisions\/420"}],"up":[{"embeddable":true,"href":"https:\/\/halley.uis.edu.co\/clases\/lnunez\/index.php?rest_route=\/wp\/v2\/pages\/9"}],"wp:attachment":[{"href":"https:\/\/halley.uis.edu.co\/clases\/lnunez\/index.php?rest_route=%2Fwp%2Fv2%2Fmedia&parent=12"}],"curies":[{"name":"wp","href":"https:\/\/api.w.org\/{rel}","templated":true}]}}